{"id":371,"date":"2024-01-21T11:44:57","date_gmt":"2024-01-21T11:44:57","guid":{"rendered":"https:\/\/www.ypress.be\/shop\/product\/efraim-ha\/"},"modified":"2024-02-27T13:28:58","modified_gmt":"2024-02-27T13:28:58","slug":"efraim-ha","status":"publish","type":"product","link":"https:\/\/www.ypress.be\/shop\/product\/efraim-ha\/","title":{"rendered":"Efra\u00efm (HA)"},"content":{"rendered":"<p><strong>Luistervoorbeeld<\/strong><\/p>\n<p><iframe loading=\"lazy\" src=\"https:\/\/w.soundcloud.com\/player\/?url=https%3A\/\/api.soundcloud.com\/tracks\/316082199&amp;color=ff5500&amp;auto_play=false&amp;hide_related=false&amp;show_comments=true&amp;show_user=true&amp;show_reposts=false\" width=\"100%\" height=\"166\" frameborder=\"no\" scrolling=\"no\"><\/iframe><\/p>\n<p><iframe loading=\"lazy\" src=\"https:\/\/www.youtube.com\/embed\/NQI98MzOKm4\" width=\"560\" height=\"315\" frameborder=\"0\" allowfullscreen=\"allowfullscreen\"><\/iframe><\/p>\n","protected":false},"excerpt":{"rendered":"<p>De Bijbelse naam Efra\u00efm wordt gegeven aan een persoon die de leeftijd van 90 jaar heeft bereikt. Het werk Efra\u00efm is dan ook opgedragen aan de 90-jarige Aim\u00e9 Leroy, grootvader van componist Frederik Leroy die een muzikaal voorbeeld is voor zijn kinderen, kleinkinderen en ondertussen ook al achterkleinkinderen. Naast een verwijzing naar het aantal levensjaren, bevat de titelnaam Efra\u00efm ook het anagram van \u2018Aim\u00e9\u2019 en \u2018Fre\u2019(derik), de componist.<\/p>\n<p>Het stuk Efra\u00efm geeft het verloop van een feestelijke verjaardag weer. In het eerste deel komen alle gasten binnen. De stemming is vrolijk, statig en opgewekt. Alle genodigden zijn op hun best gekleed en dragen de geschenken voor de jarige met zich mee.<\/p>\n<p>Het tweede deel van Efra\u00efm is nostalgisch qua sfeer. De gasten mijmeren bij het verleden en staan even stil bij de overleden familieleden. Tot slot gaat het feest weer verder. De wijn vloeit rijkelijk en er wordt gelachen, plezier gemaakt en gefeest. Leuke anekdotes worden opgerakeld en het feest gaat door tot in de vroege uurtjes. Op naar de 100!<\/p>\n<p>Dit werk is voorzien van de nodige cues voor orkesten met een minder gunstige bezetting.<\/p>\n<p><strong>Luistervoorbeeld<\/strong><\/p>\n<p><iframe loading=\"lazy\" src=\"https:\/\/w.soundcloud.com\/player\/?url=https%3A\/\/api.soundcloud.com\/tracks\/316082199&amp;color=ff5500&amp;auto_play=false&amp;hide_related=false&amp;show_comments=true&amp;show_user=true&amp;show_reposts=false\" width=\"100%\" height=\"166\" frameborder=\"no\" scrolling=\"no\"><\/iframe><\/p>\n<p><iframe loading=\"lazy\" src=\"https:\/\/www.youtube.com\/embed\/NQI98MzOKm4\" width=\"560\" height=\"315\" frameborder=\"0\" allowfullscreen=\"allowfullscreen\"><\/iframe><\/p>\n<p><strong>Specificaties van het werk<\/strong><\/p>\n<p>Bezetting: harmonieorkest<br \/>\nGenre: concertwerk<br \/>\nMoeilijkheidsgraad: graad 3<br \/>\nSpeelduur: 00:05:20<br \/>\nPublicatie: 2017<\/p>\n","protected":false},"featured_media":230,"comment_status":"open","ping_status":"closed","template":"","meta":[],"product_brand":[],"product_cat":[55,52],"product_tag":[102,38],"class_list":{"0":"post-371","1":"product","2":"type-product","3":"status-publish","4":"has-post-thumbnail","6":"product_cat-graad-3","7":"product_cat-harmonie","8":"product_tag-efraim","9":"product_tag-frederik-leroy","10":"pa_bezetting-harmonie","11":"pa_componist-frederik-leroy","12":"pa_moeilijkheidsgraad-graad-3","13":"pa_publicatie-274","14":"pa_speelduur-415","16":"first","17":"instock","18":"downloadable","19":"virtual","20":"taxable","21":"purchasable","22":"product-type-simple"},"yoast_head":"<!-- This site is optimized with the Yoast SEO plugin v26.8 - https:\/\/yoast.com\/product\/yoast-seo-wordpress\/ -->\n<title>Efra\u00efm (HA) - Ypress Digital Music Editions<\/title>\n<meta name=\"robots\" content=\"index, follow, max-snippet:-1, max-image-preview:large, max-video-preview:-1\" \/>\n<link rel=\"canonical\" href=\"https:\/\/www.ypress.be\/shop\/product\/efraim-ha\/\" \/>\n<meta property=\"og:locale\" content=\"nl_BE\" \/>\n<meta property=\"og:type\" content=\"article\" \/>\n<meta property=\"og:title\" content=\"Efra\u00efm (HA) - Ypress Digital Music Editions\" \/>\n<meta property=\"og:description\" content=\"De Bijbelse naam Efra\u00efm wordt gegeven aan een persoon die de leeftijd van 90 jaar heeft bereikt. Het werk Efra\u00efm is dan ook opgedragen aan de 90-jarige Aim\u00e9 Leroy, grootvader van componist Frederik Leroy die een muzikaal voorbeeld is voor zijn kinderen, kleinkinderen en ondertussen ook al achterkleinkinderen. Naast een verwijzing naar het aantal levensjaren, bevat de titelnaam Efra\u00efm ook het anagram van \u2018Aim\u00e9\u2019 en \u2018Fre\u2019(derik), de componist.  Het stuk Efra\u00efm geeft het verloop van een feestelijke verjaardag weer. In het eerste deel komen alle gasten binnen. De stemming is vrolijk, statig en opgewekt. Alle genodigden zijn op hun best gekleed en dragen de geschenken voor de jarige met zich mee.  Het tweede deel van Efra\u00efm is nostalgisch qua sfeer. De gasten mijmeren bij het verleden en staan even stil bij de overleden familieleden. Tot slot gaat het feest weer verder. De wijn vloeit rijkelijk en er wordt gelachen, plezier gemaakt en gefeest. Leuke anekdotes worden opgerakeld en het feest gaat door tot in de vroege uurtjes. Op naar de 100!  Dit werk is voorzien van de nodige cues voor orkesten met een minder gunstige bezetting.  Luistervoorbeeld      Specificaties van het werk  Bezetting: harmonieorkest Genre: concertwerk Moeilijkheidsgraad: graad 3 Speelduur: 00:05:20 Publicatie: 2017\" \/>\n<meta property=\"og:url\" content=\"https:\/\/www.ypress.be\/shop\/product\/efraim-ha\/\" \/>\n<meta property=\"og:site_name\" content=\"Ypress Digital Music Editions\" \/>\n<meta property=\"article:publisher\" content=\"https:\/\/www.facebook.com\/ypressdme\" \/>\n<meta property=\"article:modified_time\" content=\"2024-02-27T13:28:58+00:00\" \/>\n<meta property=\"og:image\" content=\"https:\/\/www.ypress.be\/shop\/wp-content\/uploads\/2023\/10\/efraim_pic.jpg\" \/>\n\t<meta property=\"og:image:width\" content=\"794\" \/>\n\t<meta property=\"og:image:height\" content=\"728\" \/>\n\t<meta property=\"og:image:type\" content=\"image\/jpeg\" \/>\n<meta name=\"twitter:card\" content=\"summary_large_image\" \/>\n<script type=\"application\/ld+json\" class=\"yoast-schema-graph\">{\"@context\":\"https:\/\/schema.org\",\"@graph\":[{\"@type\":\"WebPage\",\"@id\":\"https:\/\/www.ypress.be\/shop\/product\/efraim-ha\/\",\"url\":\"https:\/\/www.ypress.be\/shop\/product\/efraim-ha\/\",\"name\":\"Efra\u00efm (HA) - Ypress Digital Music Editions\",\"isPartOf\":{\"@id\":\"https:\/\/www.ypress.be\/shop\/#website\"},\"primaryImageOfPage\":{\"@id\":\"https:\/\/www.ypress.be\/shop\/product\/efraim-ha\/#primaryimage\"},\"image\":{\"@id\":\"https:\/\/www.ypress.be\/shop\/product\/efraim-ha\/#primaryimage\"},\"thumbnailUrl\":\"https:\/\/www.ypress.be\/shop\/wp-content\/uploads\/2023\/10\/efraim_pic.jpg\",\"datePublished\":\"2024-01-21T11:44:57+00:00\",\"dateModified\":\"2024-02-27T13:28:58+00:00\",\"breadcrumb\":{\"@id\":\"https:\/\/www.ypress.be\/shop\/product\/efraim-ha\/#breadcrumb\"},\"inLanguage\":\"nl-BE\",\"potentialAction\":[{\"@type\":\"ReadAction\",\"target\":[\"https:\/\/www.ypress.be\/shop\/product\/efraim-ha\/\"]}]},{\"@type\":\"ImageObject\",\"inLanguage\":\"nl-BE\",\"@id\":\"https:\/\/www.ypress.be\/shop\/product\/efraim-ha\/#primaryimage\",\"url\":\"https:\/\/www.ypress.be\/shop\/wp-content\/uploads\/2023\/10\/efraim_pic.jpg\",\"contentUrl\":\"https:\/\/www.ypress.be\/shop\/wp-content\/uploads\/2023\/10\/efraim_pic.jpg\",\"width\":794,\"height\":728},{\"@type\":\"BreadcrumbList\",\"@id\":\"https:\/\/www.ypress.be\/shop\/product\/efraim-ha\/#breadcrumb\",\"itemListElement\":[{\"@type\":\"ListItem\",\"position\":1,\"name\":\"Home\",\"item\":\"https:\/\/www.ypress.be\/shop\/\"},{\"@type\":\"ListItem\",\"position\":2,\"name\":\"Catalogus\",\"item\":\"https:\/\/www.ypress.be\/shop\/catalogus\/\"},{\"@type\":\"ListItem\",\"position\":3,\"name\":\"Efra\u00efm (HA)\"}]},{\"@type\":\"WebSite\",\"@id\":\"https:\/\/www.ypress.be\/shop\/#website\",\"url\":\"https:\/\/www.ypress.be\/shop\/\",\"name\":\"YPRESS Digitale Bladmuziek Shop\",\"description\":\"Bladmuziek online kopen!\",\"publisher\":{\"@id\":\"https:\/\/www.ypress.be\/shop\/#organization\"},\"potentialAction\":[{\"@type\":\"SearchAction\",\"target\":{\"@type\":\"EntryPoint\",\"urlTemplate\":\"https:\/\/www.ypress.be\/shop\/?s={search_term_string}\"},\"query-input\":{\"@type\":\"PropertyValueSpecification\",\"valueRequired\":true,\"valueName\":\"search_term_string\"}}],\"inLanguage\":\"nl-BE\"},{\"@type\":\"Organization\",\"@id\":\"https:\/\/www.ypress.be\/shop\/#organization\",\"name\":\"YPRESS Digital Music Editions\",\"url\":\"https:\/\/www.ypress.be\/shop\/\",\"logo\":{\"@type\":\"ImageObject\",\"inLanguage\":\"nl-BE\",\"@id\":\"https:\/\/www.ypress.be\/shop\/#\/schema\/logo\/image\/\",\"url\":\"https:\/\/www.ypress.be\/shop\/wp-content\/uploads\/2024\/03\/Ypress_contactus.jpg\",\"contentUrl\":\"https:\/\/www.ypress.be\/shop\/wp-content\/uploads\/2024\/03\/Ypress_contactus.jpg\",\"width\":1417,\"height\":1417,\"caption\":\"YPRESS Digital Music Editions\"},\"image\":{\"@id\":\"https:\/\/www.ypress.be\/shop\/#\/schema\/logo\/image\/\"},\"sameAs\":[\"https:\/\/www.facebook.com\/ypressdme\"]}]}<\/script>\n<!-- \/ Yoast SEO plugin. -->","yoast_head_json":{"title":"Efra\u00efm (HA) - Ypress Digital Music Editions","robots":{"index":"index","follow":"follow","max-snippet":"max-snippet:-1","max-image-preview":"max-image-preview:large","max-video-preview":"max-video-preview:-1"},"canonical":"https:\/\/www.ypress.be\/shop\/product\/efraim-ha\/","og_locale":"nl_BE","og_type":"article","og_title":"Efra\u00efm (HA) - Ypress Digital Music Editions","og_description":"De Bijbelse naam Efra\u00efm wordt gegeven aan een persoon die de leeftijd van 90 jaar heeft bereikt. Het werk Efra\u00efm is dan ook opgedragen aan de 90-jarige Aim\u00e9 Leroy, grootvader van componist Frederik Leroy die een muzikaal voorbeeld is voor zijn kinderen, kleinkinderen en ondertussen ook al achterkleinkinderen. Naast een verwijzing naar het aantal levensjaren, bevat de titelnaam Efra\u00efm ook het anagram van \u2018Aim\u00e9\u2019 en \u2018Fre\u2019(derik), de componist.  Het stuk Efra\u00efm geeft het verloop van een feestelijke verjaardag weer. In het eerste deel komen alle gasten binnen. De stemming is vrolijk, statig en opgewekt. Alle genodigden zijn op hun best gekleed en dragen de geschenken voor de jarige met zich mee.  Het tweede deel van Efra\u00efm is nostalgisch qua sfeer. De gasten mijmeren bij het verleden en staan even stil bij de overleden familieleden. Tot slot gaat het feest weer verder. De wijn vloeit rijkelijk en er wordt gelachen, plezier gemaakt en gefeest. Leuke anekdotes worden opgerakeld en het feest gaat door tot in de vroege uurtjes. Op naar de 100!  Dit werk is voorzien van de nodige cues voor orkesten met een minder gunstige bezetting.  Luistervoorbeeld      Specificaties van het werk  Bezetting: harmonieorkest Genre: concertwerk Moeilijkheidsgraad: graad 3 Speelduur: 00:05:20 Publicatie: 2017","og_url":"https:\/\/www.ypress.be\/shop\/product\/efraim-ha\/","og_site_name":"Ypress Digital Music Editions","article_publisher":"https:\/\/www.facebook.com\/ypressdme","article_modified_time":"2024-02-27T13:28:58+00:00","og_image":[{"width":794,"height":728,"url":"https:\/\/www.ypress.be\/shop\/wp-content\/uploads\/2023\/10\/efraim_pic.jpg","type":"image\/jpeg"}],"twitter_card":"summary_large_image","schema":{"@context":"https:\/\/schema.org","@graph":[{"@type":"WebPage","@id":"https:\/\/www.ypress.be\/shop\/product\/efraim-ha\/","url":"https:\/\/www.ypress.be\/shop\/product\/efraim-ha\/","name":"Efra\u00efm (HA) - Ypress Digital Music Editions","isPartOf":{"@id":"https:\/\/www.ypress.be\/shop\/#website"},"primaryImageOfPage":{"@id":"https:\/\/www.ypress.be\/shop\/product\/efraim-ha\/#primaryimage"},"image":{"@id":"https:\/\/www.ypress.be\/shop\/product\/efraim-ha\/#primaryimage"},"thumbnailUrl":"https:\/\/www.ypress.be\/shop\/wp-content\/uploads\/2023\/10\/efraim_pic.jpg","datePublished":"2024-01-21T11:44:57+00:00","dateModified":"2024-02-27T13:28:58+00:00","breadcrumb":{"@id":"https:\/\/www.ypress.be\/shop\/product\/efraim-ha\/#breadcrumb"},"inLanguage":"nl-BE","potentialAction":[{"@type":"ReadAction","target":["https:\/\/www.ypress.be\/shop\/product\/efraim-ha\/"]}]},{"@type":"ImageObject","inLanguage":"nl-BE","@id":"https:\/\/www.ypress.be\/shop\/product\/efraim-ha\/#primaryimage","url":"https:\/\/www.ypress.be\/shop\/wp-content\/uploads\/2023\/10\/efraim_pic.jpg","contentUrl":"https:\/\/www.ypress.be\/shop\/wp-content\/uploads\/2023\/10\/efraim_pic.jpg","width":794,"height":728},{"@type":"BreadcrumbList","@id":"https:\/\/www.ypress.be\/shop\/product\/efraim-ha\/#breadcrumb","itemListElement":[{"@type":"ListItem","position":1,"name":"Home","item":"https:\/\/www.ypress.be\/shop\/"},{"@type":"ListItem","position":2,"name":"Catalogus","item":"https:\/\/www.ypress.be\/shop\/catalogus\/"},{"@type":"ListItem","position":3,"name":"Efra\u00efm (HA)"}]},{"@type":"WebSite","@id":"https:\/\/www.ypress.be\/shop\/#website","url":"https:\/\/www.ypress.be\/shop\/","name":"YPRESS Digitale Bladmuziek Shop","description":"Bladmuziek online kopen!","publisher":{"@id":"https:\/\/www.ypress.be\/shop\/#organization"},"potentialAction":[{"@type":"SearchAction","target":{"@type":"EntryPoint","urlTemplate":"https:\/\/www.ypress.be\/shop\/?s={search_term_string}"},"query-input":{"@type":"PropertyValueSpecification","valueRequired":true,"valueName":"search_term_string"}}],"inLanguage":"nl-BE"},{"@type":"Organization","@id":"https:\/\/www.ypress.be\/shop\/#organization","name":"YPRESS Digital Music Editions","url":"https:\/\/www.ypress.be\/shop\/","logo":{"@type":"ImageObject","inLanguage":"nl-BE","@id":"https:\/\/www.ypress.be\/shop\/#\/schema\/logo\/image\/","url":"https:\/\/www.ypress.be\/shop\/wp-content\/uploads\/2024\/03\/Ypress_contactus.jpg","contentUrl":"https:\/\/www.ypress.be\/shop\/wp-content\/uploads\/2024\/03\/Ypress_contactus.jpg","width":1417,"height":1417,"caption":"YPRESS Digital Music Editions"},"image":{"@id":"https:\/\/www.ypress.be\/shop\/#\/schema\/logo\/image\/"},"sameAs":["https:\/\/www.facebook.com\/ypressdme"]}]}},"_links":{"self":[{"href":"https:\/\/www.ypress.be\/shop\/wp-json\/wp\/v2\/product\/371","targetHints":{"allow":["GET"]}}],"collection":[{"href":"https:\/\/www.ypress.be\/shop\/wp-json\/wp\/v2\/product"}],"about":[{"href":"https:\/\/www.ypress.be\/shop\/wp-json\/wp\/v2\/types\/product"}],"replies":[{"embeddable":true,"href":"https:\/\/www.ypress.be\/shop\/wp-json\/wp\/v2\/comments?post=371"}],"wp:featuredmedia":[{"embeddable":true,"href":"https:\/\/www.ypress.be\/shop\/wp-json\/wp\/v2\/media\/230"}],"wp:attachment":[{"href":"https:\/\/www.ypress.be\/shop\/wp-json\/wp\/v2\/media?parent=371"}],"wp:term":[{"taxonomy":"product_brand","embeddable":true,"href":"https:\/\/www.ypress.be\/shop\/wp-json\/wp\/v2\/product_brand?post=371"},{"taxonomy":"product_cat","embeddable":true,"href":"https:\/\/www.ypress.be\/shop\/wp-json\/wp\/v2\/product_cat?post=371"},{"taxonomy":"product_tag","embeddable":true,"href":"https:\/\/www.ypress.be\/shop\/wp-json\/wp\/v2\/product_tag?post=371"}],"curies":[{"name":"wp","href":"https:\/\/api.w.org\/{rel}","templated":true}]}}